{"id":1103,"date":"2021-11-08T10:45:32","date_gmt":"2021-11-08T10:45:32","guid":{"rendered":"https:\/\/coworkium.es\/?page_id=1103"},"modified":"2022-05-09T16:31:50","modified_gmt":"2022-05-09T16:31:50","slug":"blog","status":"publish","type":"page","link":"https:\/\/coworkium.es\/en\/blog\/","title":{"rendered":"Blog"},"content":{"rendered":"<div data-elementor-type=\"wp-page\" data-elementor-id=\"1103\" class=\"elementor elementor-1103\" data-elementor-post-type=\"page\">\n\t\t\t\t\t\t<section class=\"elementor-section elementor-top-section elementor-element elementor-element-c7cb712 elementor-section-boxed elementor-section-height-default elementor-section-height-default\" data-id=\"c7cb712\" data-element_type=\"section\" data-e-type=\"section\">\n\t\t\t\t\t\t<div class=\"elementor-container elementor-column-gap-default\">\n\t\t\t\t\t<div class=\"elementor-column elementor-col-100 elementor-top-column elementor-element elementor-element-4da2fe0\" data-id=\"4da2fe0\" data-element_type=\"column\" data-e-type=\"column\">\n\t\t\t<div class=\"elementor-widget-wrap elementor-element-populated\">\n\t\t\t\t\t\t<div class=\"elementor-element elementor-element-bea10eb elementor-widget elementor-widget-spacer\" data-id=\"bea10eb\" data-element_type=\"widget\" data-e-type=\"widget\" data-widget_type=\"spacer.default\">\n\t\t\t\t<div class=\"elementor-widget-container\">\n\t\t\t\t\t\t\t<div class=\"elementor-spacer\">\n\t\t\t<div class=\"elementor-spacer-inner\"><\/div>\n\t\t<\/div>\n\t\t\t\t\t\t<\/div>\n\t\t\t\t<\/div>\n\t\t\t\t<div class=\"elementor-element elementor-element-5d561ea elementor-widget elementor-widget-heading\" data-id=\"5d561ea\" data-element_type=\"widget\" data-e-type=\"widget\" data-widget_type=\"heading.default\">\n\t\t\t\t<div class=\"elementor-widget-container\">\n\t\t\t\t\t<h1 class=\"elementor-heading-title elementor-size-default\">Blog<\/h1>\t\t\t\t<\/div>\n\t\t\t\t<\/div>\n\t\t\t\t<div class=\"elementor-element elementor-element-0b35bec elementor-widget elementor-widget-spacer\" data-id=\"0b35bec\" data-element_type=\"widget\" data-e-type=\"widget\" data-widget_type=\"spacer.default\">\n\t\t\t\t<div class=\"elementor-widget-container\">\n\t\t\t\t\t\t\t<div class=\"elementor-spacer\">\n\t\t\t<div class=\"elementor-spacer-inner\"><\/div>\n\t\t<\/div>\n\t\t\t\t\t\t<\/div>\n\t\t\t\t<\/div>\n\t\t\t\t<div class=\"elementor-element elementor-element-1a93bea elementor-grid-3 elementor-grid-tablet-2 elementor-grid-mobile-1 elementor-posts--thumbnail-top elementor-widget elementor-widget-posts\" data-id=\"1a93bea\" data-element_type=\"widget\" data-e-type=\"widget\" data-settings=\"{&quot;pagination_type&quot;:&quot;numbers&quot;,&quot;classic_columns&quot;:&quot;3&quot;,&quot;classic_columns_tablet&quot;:&quot;2&quot;,&quot;classic_columns_mobile&quot;:&quot;1&quot;,&quot;classic_row_gap&quot;:{&quot;unit&quot;:&quot;px&quot;,&quot;size&quot;:35,&quot;sizes&quot;:[]},&quot;classic_row_gap_tablet&quot;:{&quot;unit&quot;:&quot;px&quot;,&quot;size&quot;:&quot;&quot;,&quot;sizes&quot;:[]},&quot;classic_row_gap_mobile&quot;:{&quot;unit&quot;:&quot;px&quot;,&quot;size&quot;:&quot;&quot;,&quot;sizes&quot;:[]}}\" data-widget_type=\"posts.classic\">\n\t\t\t\t<div class=\"elementor-widget-container\">\n\t\t\t\t\t\t\t<div class=\"elementor-posts-container elementor-posts elementor-posts--skin-classic elementor-grid\" role=\"list\">\n\t\t\t\t<article class=\"elementor-post elementor-grid-item post-2623 post type-post status-publish format-standard has-post-thumbnail hentry category-blog\" role=\"listitem\">\n\t\t\t\t<a class=\"elementor-post__thumbnail__link\" href=\"https:\/\/coworkium.es\/en\/como-mejorar-productividad-coworking\/\" tabindex=\"-1\">\n\t\t\t<div class=\"elementor-post__thumbnail\"><img fetchpriority=\"high\" decoding=\"async\" width=\"300\" height=\"200\" src=\"https:\/\/coworkium.es\/wp-content\/uploads\/2023\/11\/papeles-comerciales-naturaleza-muerta-varias-piezas-mecanismo-copia-300x200.jpg\" class=\"attachment-medium size-medium wp-image-2643\" alt=\"\" srcset=\"https:\/\/coworkium.es\/wp-content\/uploads\/2023\/11\/papeles-comerciales-naturaleza-muerta-varias-piezas-mecanismo-copia-300x200.jpg 300w, https:\/\/coworkium.es\/wp-content\/uploads\/2023\/11\/papeles-comerciales-naturaleza-muerta-varias-piezas-mecanismo-copia-1024x683.jpg 1024w, https:\/\/coworkium.es\/wp-content\/uploads\/2023\/11\/papeles-comerciales-naturaleza-muerta-varias-piezas-mecanismo-copia-768x512.jpg 768w, https:\/\/coworkium.es\/wp-content\/uploads\/2023\/11\/papeles-comerciales-naturaleza-muerta-varias-piezas-mecanismo-copia-1536x1024.jpg 1536w, https:\/\/coworkium.es\/wp-content\/uploads\/2023\/11\/papeles-comerciales-naturaleza-muerta-varias-piezas-mecanismo-copia-2048x1365.jpg 2048w, https:\/\/coworkium.es\/wp-content\/uploads\/2023\/11\/papeles-comerciales-naturaleza-muerta-varias-piezas-mecanismo-copia-18x12.jpg 18w\" sizes=\"(max-width: 300px) 100vw, 300px\" \/><\/div>\n\t\t<\/a>\n\t\t\t\t<div class=\"elementor-post__text\">\n\t\t\t\t<h3 class=\"elementor-post__title\">\n\t\t\t<a href=\"https:\/\/coworkium.es\/en\/como-mejorar-productividad-coworking\/\">\n\t\t\t\t\u00bfC\u00f3mo mejorar tu productividad en un Coworking?: 7 tips para elevarla al m\u00e1ximo\t\t\t<\/a>\n\t\t<\/h3>\n\t\t\t\t<div class=\"elementor-post__meta-data\">\n\t\t\t\t\t<span class=\"elementor-post-date\">\n\t\t\t8 November, 2023\t\t<\/span>\n\t\t\t\t<span class=\"elementor-post-avatar\">\n\t\t\tNo Comments\t\t<\/span>\n\t\t\t\t<\/div>\n\t\t\t\t<div class=\"elementor-post__excerpt\">\n\t\t\t<p>En el n\u00facleo del \u00e9xito profesional yace una habilidad fundamental: la productividad. En Coworkium, entendemos que la productividad no es simplemente hacer m\u00e1s en menos<\/p>\n\t\t<\/div>\n\t\t\n\t\t<a class=\"elementor-post__read-more\" href=\"https:\/\/coworkium.es\/en\/como-mejorar-productividad-coworking\/\" aria-label=\"Read more about \u00bfC\u00f3mo mejorar tu productividad en un Coworking?: 7 tips para elevarla al m\u00e1ximo\" tabindex=\"-1\">\n\t\t\tRead more \u00bb\t\t<\/a>\n\n\t\t\t\t<\/div>\n\t\t\t\t<\/article>\n\t\t\t\t<article class=\"elementor-post elementor-grid-item post-2602 post type-post status-publish format-standard has-post-thumbnail hentry category-blog\" role=\"listitem\">\n\t\t\t\t<a class=\"elementor-post__thumbnail__link\" href=\"https:\/\/coworkium.es\/en\/teletrabajo-vs-coworking\/\" tabindex=\"-1\">\n\t\t\t<div class=\"elementor-post__thumbnail\"><img decoding=\"async\" width=\"300\" height=\"208\" src=\"https:\/\/coworkium.es\/wp-content\/uploads\/2023\/10\/beneficios-coworking-300x208.jpeg\" class=\"attachment-medium size-medium wp-image-2607\" alt=\"\" srcset=\"https:\/\/coworkium.es\/wp-content\/uploads\/2023\/10\/beneficios-coworking-300x208.jpeg 300w, https:\/\/coworkium.es\/wp-content\/uploads\/2023\/10\/beneficios-coworking-1024x709.jpeg 1024w, https:\/\/coworkium.es\/wp-content\/uploads\/2023\/10\/beneficios-coworking-768x532.jpeg 768w, https:\/\/coworkium.es\/wp-content\/uploads\/2023\/10\/beneficios-coworking-18x12.jpeg 18w, https:\/\/coworkium.es\/wp-content\/uploads\/2023\/10\/beneficios-coworking.jpeg 1300w\" sizes=\"(max-width: 300px) 100vw, 300px\" \/><\/div>\n\t\t<\/a>\n\t\t\t\t<div class=\"elementor-post__text\">\n\t\t\t\t<h3 class=\"elementor-post__title\">\n\t\t\t<a href=\"https:\/\/coworkium.es\/en\/teletrabajo-vs-coworking\/\">\n\t\t\t\tTeletrabajo vs. Coworking \u00bfQu\u00e9 ventajas tiene trabajar en COWORKIUM?\t\t\t<\/a>\n\t\t<\/h3>\n\t\t\t\t<div class=\"elementor-post__meta-data\">\n\t\t\t\t\t<span class=\"elementor-post-date\">\n\t\t\t11 October, 2023\t\t<\/span>\n\t\t\t\t<span class=\"elementor-post-avatar\">\n\t\t\tNo Comments\t\t<\/span>\n\t\t\t\t<\/div>\n\t\t\t\t<div class=\"elementor-post__excerpt\">\n\t\t\t<p>En la actualidad, el teletrabajo y el coworking son dos modalidades laborales que se han popularizado gracias a la tecnolog\u00eda y a la necesidad de<\/p>\n\t\t<\/div>\n\t\t\n\t\t<a class=\"elementor-post__read-more\" href=\"https:\/\/coworkium.es\/en\/teletrabajo-vs-coworking\/\" aria-label=\"Read more about Teletrabajo vs. Coworking \u00bfQu\u00e9 ventajas tiene trabajar en COWORKIUM?\" tabindex=\"-1\">\n\t\t\tRead more \u00bb\t\t<\/a>\n\n\t\t\t\t<\/div>\n\t\t\t\t<\/article>\n\t\t\t\t<article class=\"elementor-post elementor-grid-item post-2463 post type-post status-publish format-standard has-post-thumbnail hentry category-blog\" role=\"listitem\">\n\t\t\t\t<a class=\"elementor-post__thumbnail__link\" href=\"https:\/\/coworkium.es\/en\/cafeterias-proximas-coworkium\/\" tabindex=\"-1\">\n\t\t\t<div class=\"elementor-post__thumbnail\"><img decoding=\"async\" width=\"300\" height=\"200\" src=\"https:\/\/coworkium.es\/wp-content\/uploads\/2021\/11\/toasts-fried-egg-and-coffee-for-breakfast-300x200.jpg\" class=\"attachment-medium size-medium wp-image-2478\" alt=\"\" srcset=\"https:\/\/coworkium.es\/wp-content\/uploads\/2021\/11\/toasts-fried-egg-and-coffee-for-breakfast-300x200.jpg 300w, https:\/\/coworkium.es\/wp-content\/uploads\/2021\/11\/toasts-fried-egg-and-coffee-for-breakfast-1024x683.jpg 1024w, https:\/\/coworkium.es\/wp-content\/uploads\/2021\/11\/toasts-fried-egg-and-coffee-for-breakfast-768x512.jpg 768w, https:\/\/coworkium.es\/wp-content\/uploads\/2021\/11\/toasts-fried-egg-and-coffee-for-breakfast-1536x1024.jpg 1536w, https:\/\/coworkium.es\/wp-content\/uploads\/2021\/11\/toasts-fried-egg-and-coffee-for-breakfast-2048x1365.jpg 2048w, https:\/\/coworkium.es\/wp-content\/uploads\/2021\/11\/toasts-fried-egg-and-coffee-for-breakfast-18x12.jpg 18w\" sizes=\"(max-width: 300px) 100vw, 300px\" \/><\/div>\n\t\t<\/a>\n\t\t\t\t<div class=\"elementor-post__text\">\n\t\t\t\t<h3 class=\"elementor-post__title\">\n\t\t\t<a href=\"https:\/\/coworkium.es\/en\/cafeterias-proximas-coworkium\/\">\n\t\t\t\tCoffee shops next to COWORKIUM\t\t\t<\/a>\n\t\t<\/h3>\n\t\t\t\t<div class=\"elementor-post__meta-data\">\n\t\t\t\t\t<span class=\"elementor-post-date\">\n\t\t\t6 October, 2022\t\t<\/span>\n\t\t\t\t<span class=\"elementor-post-avatar\">\n\t\t\tNo Comments\t\t<\/span>\n\t\t\t\t<\/div>\n\t\t\t\t<div class=\"elementor-post__excerpt\">\n\t\t\t<p>Todos los d\u00edas en el trabajo podemos perder la noci\u00f3n del tiempo, sin embargo, el desayuno o almuerzo a media ma\u00f1ana es un imprescindible para<\/p>\n\t\t<\/div>\n\t\t\n\t\t<a class=\"elementor-post__read-more\" href=\"https:\/\/coworkium.es\/en\/cafeterias-proximas-coworkium\/\" aria-label=\"Read more about Cafeter\u00edas pr\u00f3ximas a COWORKIUM\" tabindex=\"-1\">\n\t\t\tRead more \u00bb\t\t<\/a>\n\n\t\t\t\t<\/div>\n\t\t\t\t<\/article>\n\t\t\t\t<article class=\"elementor-post elementor-grid-item post-2056 post type-post status-publish format-standard has-post-thumbnail hentry category-coworkium\" role=\"listitem\">\n\t\t\t\t<a class=\"elementor-post__thumbnail__link\" href=\"https:\/\/coworkium.es\/en\/consejos-para-integrar-coworkium-en-tu-trabajo-hibrido\/\" tabindex=\"-1\">\n\t\t\t<div class=\"elementor-post__thumbnail\"><img loading=\"lazy\" decoding=\"async\" width=\"300\" height=\"200\" src=\"https:\/\/coworkium.es\/wp-content\/uploads\/2022\/05\/videollamada-300x200.jpg\" class=\"attachment-medium size-medium wp-image-2229\" alt=\"trabajo h\u00edbrido\" srcset=\"https:\/\/coworkium.es\/wp-content\/uploads\/2022\/05\/videollamada-300x200.jpg 300w, https:\/\/coworkium.es\/wp-content\/uploads\/2022\/05\/videollamada-1024x683.jpg 1024w, https:\/\/coworkium.es\/wp-content\/uploads\/2022\/05\/videollamada-768x512.jpg 768w, https:\/\/coworkium.es\/wp-content\/uploads\/2022\/05\/videollamada-1536x1024.jpg 1536w, https:\/\/coworkium.es\/wp-content\/uploads\/2022\/05\/videollamada-2048x1365.jpg 2048w, https:\/\/coworkium.es\/wp-content\/uploads\/2022\/05\/videollamada-18x12.jpg 18w\" sizes=\"(max-width: 300px) 100vw, 300px\" \/><\/div>\n\t\t<\/a>\n\t\t\t\t<div class=\"elementor-post__text\">\n\t\t\t\t<h3 class=\"elementor-post__title\">\n\t\t\t<a href=\"https:\/\/coworkium.es\/en\/consejos-para-integrar-coworkium-en-tu-trabajo-hibrido\/\">\n\t\t\t\t5 CONSEJOS PARA INTEGRAR COWORKIUM EN TU TRABAJO H\u00cdBRIDO\t\t\t<\/a>\n\t\t<\/h3>\n\t\t\t\t<div class=\"elementor-post__meta-data\">\n\t\t\t\t\t<span class=\"elementor-post-date\">\n\t\t\t12 September, 2022\t\t<\/span>\n\t\t\t\t<span class=\"elementor-post-avatar\">\n\t\t\tNo Comments\t\t<\/span>\n\t\t\t\t<\/div>\n\t\t\t\t<div class=\"elementor-post__excerpt\">\n\t\t\t<p>Esta nueva moda que esta convirtiendo en la norma por general de muchas empresas, los horarios h\u00edbridos. Justo aqu\u00ed te dejamos 5 consejos para que<\/p>\n\t\t<\/div>\n\t\t\n\t\t<a class=\"elementor-post__read-more\" href=\"https:\/\/coworkium.es\/en\/consejos-para-integrar-coworkium-en-tu-trabajo-hibrido\/\" aria-label=\"Read more about 5 CONSEJOS PARA INTEGRAR COWORKIUM EN TU TRABAJO H\u00cdBRIDO\" tabindex=\"-1\">\n\t\t\tRead more \u00bb\t\t<\/a>\n\n\t\t\t\t<\/div>\n\t\t\t\t<\/article>\n\t\t\t\t<article class=\"elementor-post elementor-grid-item post-1930 post type-post status-publish format-standard has-post-thumbnail hentry category-blog\" role=\"listitem\">\n\t\t\t\t<a class=\"elementor-post__thumbnail__link\" href=\"https:\/\/coworkium.es\/en\/espacio-coworking-indicado-para-ti\/\" tabindex=\"-1\">\n\t\t\t<div class=\"elementor-post__thumbnail\"><img loading=\"lazy\" decoding=\"async\" width=\"300\" height=\"200\" src=\"https:\/\/coworkium.es\/wp-content\/uploads\/2021\/11\/close-up-detail-of-team-working-o-new-project-in-coworking-space-writing-ideas-looking-through-graphics-on-tablet-and-laptop-teamwork-business-concept-300x200.jpg\" class=\"attachment-medium size-medium wp-image-1582\" alt=\"coworking indicado\" srcset=\"https:\/\/coworkium.es\/wp-content\/uploads\/2021\/11\/close-up-detail-of-team-working-o-new-project-in-coworking-space-writing-ideas-looking-through-graphics-on-tablet-and-laptop-teamwork-business-concept-300x200.jpg 300w, https:\/\/coworkium.es\/wp-content\/uploads\/2021\/11\/close-up-detail-of-team-working-o-new-project-in-coworking-space-writing-ideas-looking-through-graphics-on-tablet-and-laptop-teamwork-business-concept-1024x683.jpg 1024w, https:\/\/coworkium.es\/wp-content\/uploads\/2021\/11\/close-up-detail-of-team-working-o-new-project-in-coworking-space-writing-ideas-looking-through-graphics-on-tablet-and-laptop-teamwork-business-concept-768x512.jpg 768w, https:\/\/coworkium.es\/wp-content\/uploads\/2021\/11\/close-up-detail-of-team-working-o-new-project-in-coworking-space-writing-ideas-looking-through-graphics-on-tablet-and-laptop-teamwork-business-concept-1536x1024.jpg 1536w, https:\/\/coworkium.es\/wp-content\/uploads\/2021\/11\/close-up-detail-of-team-working-o-new-project-in-coworking-space-writing-ideas-looking-through-graphics-on-tablet-and-laptop-teamwork-business-concept-2048x1365.jpg 2048w, https:\/\/coworkium.es\/wp-content\/uploads\/2021\/11\/close-up-detail-of-team-working-o-new-project-in-coworking-space-writing-ideas-looking-through-graphics-on-tablet-and-laptop-teamwork-business-concept-18x12.jpg 18w\" sizes=\"(max-width: 300px) 100vw, 300px\" \/><\/div>\n\t\t<\/a>\n\t\t\t\t<div class=\"elementor-post__text\">\n\t\t\t\t<h3 class=\"elementor-post__title\">\n\t\t\t<a href=\"https:\/\/coworkium.es\/en\/espacio-coworking-indicado-para-ti\/\">\n\t\t\t\tDo you know if a coworking is right for you?\u00a0\t\t\t<\/a>\n\t\t<\/h3>\n\t\t\t\t<div class=\"elementor-post__meta-data\">\n\t\t\t\t\t<span class=\"elementor-post-date\">\n\t\t\t16 August, 2022\t\t<\/span>\n\t\t\t\t<span class=\"elementor-post-avatar\">\n\t\t\tNo Comments\t\t<\/span>\n\t\t\t\t<\/div>\n\t\t\t\t<div class=\"elementor-post__excerpt\">\n\t\t\t<p>Piensa en lo que necesitas, en un espacio coworking tenemos todo. \u00a0Los espacio\u00a0coworking son espacios compartidos de trabajo donde interact\u00faas con profesionales aut\u00f3nomos, emprendedores y<\/p>\n\t\t<\/div>\n\t\t\n\t\t<a class=\"elementor-post__read-more\" href=\"https:\/\/coworkium.es\/en\/espacio-coworking-indicado-para-ti\/\" aria-label=\"Read more about \u00bfSabes si un coworking es indicado para ti?\u00a0\" tabindex=\"-1\">\n\t\t\tRead more \u00bb\t\t<\/a>\n\n\t\t\t\t<\/div>\n\t\t\t\t<\/article>\n\t\t\t\t<article class=\"elementor-post elementor-grid-item post-2038 post type-post status-publish format-standard has-post-thumbnail hentry category-empleo\" role=\"listitem\">\n\t\t\t\t<a class=\"elementor-post__thumbnail__link\" href=\"https:\/\/coworkium.es\/en\/que-es-un-flexwork\/\" tabindex=\"-1\">\n\t\t\t<div class=\"elementor-post__thumbnail\"><img loading=\"lazy\" decoding=\"async\" width=\"300\" height=\"200\" src=\"https:\/\/coworkium.es\/wp-content\/uploads\/2022\/04\/books-break-coffee-927451-300x200.jpg\" class=\"attachment-medium size-medium wp-image-2048\" alt=\"que es flexwork\" srcset=\"https:\/\/coworkium.es\/wp-content\/uploads\/2022\/04\/books-break-coffee-927451-300x200.jpg 300w, https:\/\/coworkium.es\/wp-content\/uploads\/2022\/04\/books-break-coffee-927451-768x512.jpg 768w, https:\/\/coworkium.es\/wp-content\/uploads\/2022\/04\/books-break-coffee-927451-18x12.jpg 18w, https:\/\/coworkium.es\/wp-content\/uploads\/2022\/04\/books-break-coffee-927451.jpg 960w\" sizes=\"(max-width: 300px) 100vw, 300px\" \/><\/div>\n\t\t<\/a>\n\t\t\t\t<div class=\"elementor-post__text\">\n\t\t\t\t<h3 class=\"elementor-post__title\">\n\t\t\t<a href=\"https:\/\/coworkium.es\/en\/que-es-un-flexwork\/\">\n\t\t\t\tWhy a flexwork?\t\t\t<\/a>\n\t\t<\/h3>\n\t\t\t\t<div class=\"elementor-post__meta-data\">\n\t\t\t\t\t<span class=\"elementor-post-date\">\n\t\t\t9 May, 2022\t\t<\/span>\n\t\t\t\t<span class=\"elementor-post-avatar\">\n\t\t\tNo Comments\t\t<\/span>\n\t\t\t\t<\/div>\n\t\t\t\t<div class=\"elementor-post__excerpt\">\n\t\t\t<p>Table of Contents The traditional schedule of 9 am to 5 pm is in danger of extinction. as they change<\/p>\n\t\t<\/div>\n\t\t\n\t\t<a class=\"elementor-post__read-more\" href=\"https:\/\/coworkium.es\/en\/que-es-un-flexwork\/\" aria-label=\"Read more about \u00bfPor qu\u00e9 un flexwork?\" tabindex=\"-1\">\n\t\t\tRead more \u00bb\t\t<\/a>\n\n\t\t\t\t<\/div>\n\t\t\t\t<\/article>\n\t\t\t\t<\/div>\n\t\t\n\t\t\t\t<div class=\"e-load-more-anchor\" data-page=\"1\" data-max-page=\"3\" data-next-page=\"https:\/\/coworkium.es\/en\/wp-json\/wp\/v2\/pages\/1103\/page\/2\/\"><\/div>\n\t\t\t\t<nav class=\"elementor-pagination\" aria-label=\"Pagination\">\n\t\t\t<span aria-current=\"page\" class=\"page-numbers current\"><span class=\"elementor-screen-only\">Page<\/span>1<\/span>\n<a class=\"page-numbers\" href=\"https:\/\/coworkium.es\/en\/wp-json\/wp\/v2\/pages\/1103\/page\/2\/\"><span class=\"elementor-screen-only\">Page<\/span>2<\/a>\n<a class=\"page-numbers\" href=\"https:\/\/coworkium.es\/en\/wp-json\/wp\/v2\/pages\/1103\/page\/3\/\"><span class=\"elementor-screen-only\">Page<\/span>3<\/a>\t\t<\/nav>\n\t\t\t\t\t\t<\/div>\n\t\t\t\t<\/div>\n\t\t\t\t\t<\/div>\n\t\t<\/div>\n\t\t\t\t\t<\/div>\n\t\t<\/section>\n\t\t\t\t<section class=\"elementor-section elementor-top-section elementor-element elementor-element-0b0bb21 elementor-section-boxed elementor-section-height-default elementor-section-height-default\" data-id=\"0b0bb21\" data-element_type=\"section\" data-e-type=\"section\">\n\t\t\t\t\t\t<div class=\"elementor-container elementor-column-gap-default\">\n\t\t\t\t\t<div class=\"elementor-column elementor-col-100 elementor-top-column elementor-element elementor-element-47a444a\" data-id=\"47a444a\" data-element_type=\"column\" data-e-type=\"column\">\n\t\t\t<div class=\"elementor-widget-wrap elementor-element-populated\">\n\t\t\t\t\t\t<div class=\"elementor-element elementor-element-e9d6694 elementor-widget elementor-widget-spacer\" data-id=\"e9d6694\" data-element_type=\"widget\" data-e-type=\"widget\" data-widget_type=\"spacer.default\">\n\t\t\t\t<div class=\"elementor-widget-container\">\n\t\t\t\t\t\t\t<div class=\"elementor-spacer\">\n\t\t\t<div class=\"elementor-spacer-inner\"><\/div>\n\t\t<\/div>\n\t\t\t\t\t\t<\/div>\n\t\t\t\t<\/div>\n\t\t\t\t\t<\/div>\n\t\t<\/div>\n\t\t\t\t\t<\/div>\n\t\t<\/section>\n\t\t\t\t<\/div>","protected":false},"excerpt":{"rendered":"<p>Blog<\/p>","protected":false},"author":4,"featured_media":0,"parent":0,"menu_order":0,"comment_status":"closed","ping_status":"closed","template":"","meta":{"site-sidebar-layout":"no-sidebar","site-content-layout":"page-builder","ast-site-content-layout":"","site-content-style":"default","site-sidebar-style":"default","ast-global-header-display":"","ast-banner-title-visibility":"","ast-main-header-display":"","ast-hfb-above-header-display":"","ast-hfb-below-header-display":"","ast-hfb-mobile-header-display":"","site-post-title":"disabled","ast-breadcrumbs-content":"","ast-featured-img":"disabled","footer-sml-layout":"","theme-transparent-header-meta":"default","adv-header-id-meta":"","stick-header-meta":"","header-above-stick-meta":"","header-main-stick-meta":"","header-below-stick-meta":"","astra-migrate-meta-layouts":"default","ast-page-background-enabled":"default","ast-page-background-meta":{"desktop":{"background-color":"","background-image":"","background-repeat":"repeat","background-position":"center center","background-size":"auto","background-attachment":"scroll","background-type":"","background-media":"","overlay-type":"","overlay-color":"","overlay-opacity":"","overlay-gradient":""},"tablet":{"background-color":"","background-image":"","background-repeat":"repeat","background-position":"center center","background-size":"auto","background-attachment":"scroll","background-type":"","background-media":"","overlay-type":"","overlay-color":"","overlay-opacity":"","overlay-gradient":""},"mobile":{"background-color":"","background-image":"","background-repeat":"repeat","background-position":"center center","background-size":"auto","background-attachment":"scroll","background-type":"","background-media":"","overlay-type":"","overlay-color":"","overlay-opacity":"","overlay-gradient":""}},"ast-content-background-meta":{"desktop":{"background-color":"var(--ast-global-color-5)","background-image":"","background-repeat":"repeat","background-position":"center center","background-size":"auto","background-attachment":"scroll","background-type":"","background-media":"","overlay-type":"","overlay-color":"","overlay-opacity":"","overlay-gradient":""},"tablet":{"background-color":"var(--ast-global-color-5)","background-image":"","background-repeat":"repeat","background-position":"center center","background-size":"auto","background-attachment":"scroll","background-type":"","background-media":"","overlay-type":"","overlay-color":"","overlay-opacity":"","overlay-gradient":""},"mobile":{"background-color":"var(--ast-global-color-5)","background-image":"","background-repeat":"repeat","background-position":"center center","background-size":"auto","background-attachment":"scroll","background-type":"","background-media":"","overlay-type":"","overlay-color":"","overlay-opacity":"","overlay-gradient":""}},"_joinchat":[],"footnotes":""},"class_list":["post-1103","page","type-page","status-publish","hentry"],"_links":{"self":[{"href":"https:\/\/coworkium.es\/en\/wp-json\/wp\/v2\/pages\/1103","targetHints":{"allow":["GET"]}}],"collection":[{"href":"https:\/\/coworkium.es\/en\/wp-json\/wp\/v2\/pages"}],"about":[{"href":"https:\/\/coworkium.es\/en\/wp-json\/wp\/v2\/types\/page"}],"author":[{"embeddable":true,"href":"https:\/\/coworkium.es\/en\/wp-json\/wp\/v2\/users\/4"}],"replies":[{"embeddable":true,"href":"https:\/\/coworkium.es\/en\/wp-json\/wp\/v2\/comments?post=1103"}],"version-history":[{"count":35,"href":"https:\/\/coworkium.es\/en\/wp-json\/wp\/v2\/pages\/1103\/revisions"}],"predecessor-version":[{"id":2220,"href":"https:\/\/coworkium.es\/en\/wp-json\/wp\/v2\/pages\/1103\/revisions\/2220"}],"wp:attachment":[{"href":"https:\/\/coworkium.es\/en\/wp-json\/wp\/v2\/media?parent=1103"}],"curies":[{"name":"wp","href":"https:\/\/api.w.org\/{rel}","templated":true}]}}