{"id":755,"date":"2021-10-05T13:23:20","date_gmt":"2021-10-05T13:23:20","guid":{"rendered":"https:\/\/coworkium.es\/?page_id=755"},"modified":"2021-11-10T07:55:32","modified_gmt":"2021-11-10T07:55:32","slug":"avisos-legales","status":"publish","type":"page","link":"https:\/\/coworkium.es\/en\/avisos-legales\/","title":{"rendered":"Legal notices"},"content":{"rendered":"<h2>Legal notices<\/h2>\n<h3>LAW OF THE SERVICES OF THE INFORMATION SOCIETY (LSSI)<\/h3>\n<p>AUDIDATA SISTEMAS, S.L., responsable del sitio web, en adelante RESPONSABLE, pone a&nbsp;disposici\u00f3n de los usuarios el presente documento, con el que pretende dar cumplimiento a las&nbsp;obligaciones dispuestas en la Ley 34\/2002, de 11 de julio, de Servicios de la Sociedad de la&nbsp;Informaci\u00f3n y de Comercio Electr\u00f3nico (LSSICE), BOE N.\u00ba 166, as\u00ed como informar a todos los usuarios&nbsp;del sitio web respecto a cu\u00e1les son las condiciones de uso.<\/p>\n<p>Toda persona que acceda a este sitio web asume el papel de usuario, comprometi\u00e9ndose a la&nbsp;observancia y cumplimiento riguroso de las disposiciones aqu\u00ed dispuestas, as\u00ed como a cualquier otra&nbsp;disposici\u00f3n legal que fuera de aplicaci\u00f3n.<\/p>\n<p>AUDIDATA SISTEMAS, S.L. reserves the right to modify any type of information that may appear on the website, without any obligation to pre-notify or inform users of said obligations, understanding as sufficient the publication on the website of AUDIDATA SISTEMAS, S.L.<\/p>\n<h3>1. IDENTIFICATION DATA<\/h3>\n<p style=\"padding-left: 40px;\">Domain name: https:\/\/www.coworkium.es<\/p>\n<p style=\"padding-left: 40px;\">Trade name: COWORKIUM<\/p>\n<p style=\"padding-left: 40px;\">Company name: AUDIDATA SISTEMAS, S.L.<\/p>\n<p style=\"padding-left: 40px;\">NIF: B73557316<\/p>\n<p style=\"padding-left: 40px;\">Registered office: C \/ P\u00e1rroco Crist\u00f3bal Balaguer, 13<\/p>\n<p style=\"padding-left: 40px;\">Telephone: 968190299<\/p>\n<p style=\"padding-left: 40px;\">E-mail: info@coworkium.es<\/p>\n<h3>2. INTELLECTUAL AND INDUSTRIAL PROPERTY RIGHTS<\/h3>\n<p>El sitio web, incluyendo a t\u00edtulo enunciativo pero no limitativo su programaci\u00f3n, edici\u00f3n, compilaci\u00f3n ydem\u00e1s elementos necesarios para su funcionamiento, los dise\u00f1os, logotipos, texto y\/o gr\u00e1ficos, son&nbsp;propiedad del RESPONSABLE o, si es el caso, dispone de licencia o autorizaci\u00f3n expresa por parte de&nbsp;los autores. Todos los contenidos del sitio web se encuentran debidamente protegidos por la normativa&nbsp;de propiedad intelectual e industrial, as\u00ed como inscritos en los registros p\u00fablicos correspondientes.&nbsp;Independientemente de la finalidad para la que fueran destinados, la reproducci\u00f3n total o parcial, uso,&nbsp;explotaci\u00f3n, distribuci\u00f3n y comercializaci\u00f3n, requiere en todo caso la autorizaci\u00f3n escrita previa por&nbsp;parte del RESPONSABLE.<\/p>\n<p>Cualquier uso no autorizado previamente se considera un incumplimiento&nbsp;grave de los derechos de propiedad intelectual o industrial del autor.&nbsp;Los dise\u00f1os, logotipos, texto y\/o gr\u00e1ficos ajenos al RESPONSABLE y que pudieran aparecer en el sitio&nbsp;web, pertenecen a sus respectivos propietarios, siendo ellos mismos responsables de cualquier posible&nbsp;controversia que pudiera suscitarse respecto a los mismos. El RESPONSABLE autoriza expresamente&nbsp;a que terceros puedan redirigir directamente a los contenidos concretos del sitio web, y en todo caso&nbsp;redirigir al sitio web principal de https:\/\/www.coworkium.es.<\/p>\n<p>El RESPONSABLE reconoce a favor de sus titulares los correspondientes derechos de propiedad&nbsp;intelectual e industrial, no implicando su sola menci\u00f3n o aparici\u00f3n en el sitio web la existencia de&nbsp;derechos o responsabilidad alguna sobre los mismos, como tampoco respaldo, patrocinio o&nbsp;recomendaci\u00f3n por parte del mismo.&nbsp;Para realizar cualquier tipo de observaci\u00f3n respecto a posibles incumplimientos de los derechos de&nbsp;propiedad intelectual o industrial, as\u00ed como sobre cualquiera de los contenidos del sitio web, puede&nbsp;hacerlo a trav\u00e9s del correo electr\u00f3nico info@coworkium.es.<\/p>\n<h3>3. DISCLAIMER OF LIABILITIES<\/h3>\n<p>El RESPONSABLE se exime de cualquier tipo de responsabilidad derivada de la informaci\u00f3n publicada&nbsp;en su sitio web siempre que no tenga conocimiento efectivo de que esta informaci\u00f3n haya sido&nbsp;manipulada o introducida por un tercero ajeno al mismo o, si lo tiene, haya actuado con diligencia para&nbsp;retirar los datos o hacer imposible el acceso a ellos.<\/p>\n<p><strong>Use of Cookies<\/strong><\/p>\n<p>Este sitio web puede utilizar cookies t\u00e9cnicas (peque\u00f1os archivos de informaci\u00f3n que el servidor env\u00eda&nbsp;al ordenador de quien accede a la p\u00e1gina) para llevar a cabo determinadas funciones que son&nbsp;consideradas imprescindibles para el correcto funcionamiento y visualizaci\u00f3n del sitio. Las cookies&nbsp;utilizadas tienen, en todo caso, car\u00e1cter temporal, con la \u00fanica finalidad de hacer m\u00e1s eficaz la&nbsp;navegaci\u00f3n, y desaparecen al terminar la sesi\u00f3n del usuario. En ning\u00fan caso, estas cookies&nbsp;proporcionan por s\u00ed mismas datos de car\u00e1cter personal y no se utilizar\u00e1n para la recogida de los&nbsp;mismos.<\/p>\n<p>Mediante el uso de cookies tambi\u00e9n es posible que el servidor donde se encuentra la web reconozca el&nbsp;navegador utilizado por el usuario con la finalidad de que la navegaci\u00f3n sea m\u00e1s sencilla, permitiendo,&nbsp;por ejemplo, el acceso de los usuarios que se hayan registrado previamente a las \u00e1reas, servicios,&nbsp;promociones o concursos reservados exclusivamente a ellos sin tener que registrarse en cada visita.&nbsp;Tambi\u00e9n se pueden utilizar para medir la audiencia, par\u00e1metros de tr\u00e1fico, controlar el progreso y&nbsp;n\u00famero de entradas, etc., siendo en estos casos cookies prescindibles t\u00e9cnicamente, pero&nbsp;beneficiosas para el usuario. Este sitio web no instalar\u00e1 cookies prescindibles sin el consentimiento&nbsp;previo del usuario.<\/p>\n<p>El usuario tiene la posibilidad de configurar su navegador para ser alertado de la recepci\u00f3n de cookies&nbsp;y para impedir su instalaci\u00f3n en su equipo. Por favor, consulte las instrucciones de su navegador para&nbsp;ampliar esta informaci\u00f3n.<\/p>\n<p><strong>Links policy<\/strong><\/p>\n<p>Desde el sitio web, es posible que se redirija a contenidos de terceros sitios web. Dado que el&nbsp;RESPONSABLE no puede controlar siempre los contenidos introducidos por terceros en sus&nbsp;respectivos sitios web, no asume ning\u00fan tipo de responsabilidad respecto a dichos contenidos. En todo&nbsp;caso, proceder\u00e1 a la retirada inmediata de cualquier contenido que pudiera contravenir la legislaci\u00f3n&nbsp;nacional o internacional, la moral o el orden p\u00fablico, procediendo a la retirada inmediata de la&nbsp;redirecci\u00f3n a dicho sitio web, poniendo en conocimiento de las autoridades competentes el contenido&nbsp;en cuesti\u00f3n.&nbsp;<\/p>\n<p>El RESPONSABLE no se hace responsable de la informaci\u00f3n y contenidos almacenados, a t\u00edtulo&nbsp;enunciativo pero no limitativo, en foros, chats, generadores de blogs, comentarios, redes sociales o&nbsp;cualquier otro medio que permita a terceros publicar contenidos de forma independiente en la p\u00e1gina&nbsp;web del RESPONSABLE. Sin embargo, y en cumplimiento de lo dispuesto en los art\u00edculos 11 y 16 de&nbsp;la LSSICE, se pone a disposici\u00f3n de todos los usuarios, autoridades y fuerzas de seguridad,&nbsp;colaborando de forma activa en la retirada o, en su caso, bloqueo de todos aquellos contenidos que&nbsp;puedan afectar o contravenir la legislaci\u00f3n nacional o internacional, los derechos de terceros o la moral&nbsp;y el orden p\u00fablico. En caso de que el usuario considere que existe en el sitio web alg\u00fan contenido que&nbsp;pudiera ser susceptible de esta clasificaci\u00f3n, se ruega lo notifique de forma inmediata al administrador&nbsp;del sitio web.<\/p>\n<p>Este sitio web se ha revisado y probado para que funcione correctamente. En principio, puede&nbsp;garantizarse el correcto funcionamiento los 365 d\u00edas del a\u00f1o, 24 horas al d\u00eda. Sin embargo, el&nbsp;RESPONSABLE no descarta la posibilidad de que existan ciertos errores de programaci\u00f3n, o que&nbsp;acontezcan causas de fuerza mayor, cat\u00e1strofes naturales, huelgas o circunstancias semejantes que&nbsp;hagan imposible el acceso a la p\u00e1gina web.<\/p>\n<p><strong>IP addresses<\/strong><\/p>\n<p>Los servidores del sitio web podr\u00e1n detectar de manera autom\u00e1tica la direcci\u00f3n IP y el nombre de&nbsp;dominio utilizados por el usuario. Una direcci\u00f3n IP es un n\u00famero asignado autom\u00e1ticamente a un&nbsp;ordenador cuando este se conecta a Internet. Toda esta informaci\u00f3n se registra en un fichero de&nbsp;actividad del servidor que permite el posterior procesamiento de los datos con el fin de obtener&nbsp;mediciones \u00fanicamente estad\u00edsticas que permitan conocer el n\u00famero de impresiones de p\u00e1ginas, el&nbsp;n\u00famero de visitas realizadas a los servidores web, el orden de visitas, el punto de acceso, etc.<\/p>\n<h3>4. APPLICABLE LAW AND JURISDICTION<\/h3>\n<p>Para la resoluci\u00f3n de todas las controversias o cuestiones relacionadas con el presente sitio web o de&nbsp;las actividades en \u00e9l desarrolladas, ser\u00e1 de aplicaci\u00f3n la legislaci\u00f3n espa\u00f1ola, a la que se someten&nbsp;expresamente las partes, siendo competentes para la resoluci\u00f3n de todos los conflictos derivados o&nbsp;relacionados con su uso los Juzgados y Tribunales del domicilio del USUARIO o el lugar del&nbsp;cumplimiento de la obligaci\u00f3n.<\/p>\n<p>Toda persona que acceda a este sitio web asume el papel de usuario, comprometi\u00e9ndose a la&nbsp;observancia y cumplimiento riguroso de las disposiciones aqu\u00ed dispuestas, as\u00ed como a cualquier otra&nbsp;disposici\u00f3n legal que fuera de aplicaci\u00f3n.<\/p>\n<p>AUDIDATA SISTEMAS, S.L. reserves the right to modify any type of information that may appear on the website, without any obligation to pre-notify or inform users of said obligations, understanding as sufficient the publication on the website of AUDIDATA SISTEMAS, S.L.<\/p>\n<p>Cualquier uso no autorizado previamente se considera un incumplimiento&nbsp;grave de los derechos de propiedad intelectual o industrial del autor.&nbsp;Los dise\u00f1os, logotipos, texto y\/o gr\u00e1ficos ajenos al RESPONSABLE y que pudieran aparecer en el sitio&nbsp;web, pertenecen a sus respectivos propietarios, siendo ellos mismos responsables de cualquier posible&nbsp;controversia que pudiera suscitarse respecto a los mismos. El RESPONSABLE autoriza expresamente&nbsp;a que terceros puedan redirigir directamente a los contenidos concretos del sitio web, y en todo caso&nbsp;redirigir al sitio web principal de https:\/\/www.coworkium.es.<\/p>\n<p>El RESPONSABLE reconoce a favor de sus titulares los correspondientes derechos de propiedad&nbsp;intelectual e industrial, no implicando su sola menci\u00f3n o aparici\u00f3n en el sitio web la existencia de&nbsp;derechos o responsabilidad alguna sobre los mismos, como tampoco respaldo, patrocinio o&nbsp;recomendaci\u00f3n por parte del mismo.&nbsp;Para realizar cualquier tipo de observaci\u00f3n respecto a posibles incumplimientos de los derechos de&nbsp;propiedad intelectual o industrial, as\u00ed como sobre cualquiera de los contenidos del sitio web, puede&nbsp;hacerlo a trav\u00e9s del correo electr\u00f3nico info@coworkium.es.<\/p>\n<p><strong>Use of Cookies<\/strong><\/p>\n<p>Este sitio web puede utilizar cookies t\u00e9cnicas (peque\u00f1os archivos de informaci\u00f3n que el servidor env\u00eda&nbsp;al ordenador de quien accede a la p\u00e1gina) para llevar a cabo determinadas funciones que son&nbsp;consideradas imprescindibles para el correcto funcionamiento y visualizaci\u00f3n del sitio. Las cookies&nbsp;utilizadas tienen, en todo caso, car\u00e1cter temporal, con la \u00fanica finalidad de hacer m\u00e1s eficaz la&nbsp;navegaci\u00f3n, y desaparecen al terminar la sesi\u00f3n del usuario. En ning\u00fan caso, estas cookies&nbsp;proporcionan por s\u00ed mismas datos de car\u00e1cter personal y no se utilizar\u00e1n para la recogida de los&nbsp;mismos.<\/p>\n<p>Mediante el uso de cookies tambi\u00e9n es posible que el servidor donde se encuentra la web reconozca el&nbsp;navegador utilizado por el usuario con la finalidad de que la navegaci\u00f3n sea m\u00e1s sencilla, permitiendo,&nbsp;por ejemplo, el acceso de los usuarios que se hayan registrado previamente a las \u00e1reas, servicios,&nbsp;promociones o concursos reservados exclusivamente a ellos sin tener que registrarse en cada visita.&nbsp;Tambi\u00e9n se pueden utilizar para medir la audiencia, par\u00e1metros de tr\u00e1fico, controlar el progreso y&nbsp;n\u00famero de entradas, etc., siendo en estos casos cookies prescindibles t\u00e9cnicamente, pero&nbsp;beneficiosas para el usuario. Este sitio web no instalar\u00e1 cookies prescindibles sin el consentimiento&nbsp;previo del usuario.<\/p>\n<p>El usuario tiene la posibilidad de configurar su navegador para ser alertado de la recepci\u00f3n de cookies&nbsp;y para impedir su instalaci\u00f3n en su equipo. Por favor, consulte las instrucciones de su navegador para&nbsp;ampliar esta informaci\u00f3n.<\/p>\n<p><strong>Links policy<\/strong><\/p>\n<p>Desde el sitio web, es posible que se redirija a contenidos de terceros sitios web. Dado que el&nbsp;RESPONSABLE no puede controlar siempre los contenidos introducidos por terceros en sus&nbsp;respectivos sitios web, no asume ning\u00fan tipo de responsabilidad respecto a dichos contenidos. En todo&nbsp;caso, proceder\u00e1 a la retirada inmediata de cualquier contenido que pudiera contravenir la legislaci\u00f3n&nbsp;nacional o internacional, la moral o el orden p\u00fablico, procediendo a la retirada inmediata de la&nbsp;redirecci\u00f3n a dicho sitio web, poniendo en conocimiento de las autoridades competentes el contenido&nbsp;en cuesti\u00f3n.&nbsp;<\/p>\n<p>El RESPONSABLE no se hace responsable de la informaci\u00f3n y contenidos almacenados, a t\u00edtulo&nbsp;enunciativo pero no limitativo, en foros, chats, generadores de blogs, comentarios, redes sociales o&nbsp;cualquier otro medio que permita a terceros publicar contenidos de forma independiente en la p\u00e1gina&nbsp;web del RESPONSABLE. Sin embargo, y en cumplimiento de lo dispuesto en los art\u00edculos 11 y 16 de&nbsp;la LSSICE, se pone a disposici\u00f3n de todos los usuarios, autoridades y fuerzas de seguridad,&nbsp;colaborando de forma activa en la retirada o, en su caso, bloqueo de todos aquellos contenidos que&nbsp;puedan afectar o contravenir la legislaci\u00f3n nacional o internacional, los derechos de terceros o la moral&nbsp;y el orden p\u00fablico. En caso de que el usuario considere que existe en el sitio web alg\u00fan contenido que&nbsp;pudiera ser susceptible de esta clasificaci\u00f3n, se ruega lo notifique de forma inmediata al administrador&nbsp;del sitio web.<\/p>\n<p>Este sitio web se ha revisado y probado para que funcione correctamente. En principio, puede&nbsp;garantizarse el correcto funcionamiento los 365 d\u00edas del a\u00f1o, 24 horas al d\u00eda. Sin embargo, el&nbsp;RESPONSABLE no descarta la posibilidad de que existan ciertos errores de programaci\u00f3n, o que&nbsp;acontezcan causas de fuerza mayor, cat\u00e1strofes naturales, huelgas o circunstancias semejantes que&nbsp;hagan imposible el acceso a la p\u00e1gina web.<\/p>\n<p><strong>IP addresses<\/strong><\/p>\n<p>Los servidores del sitio web podr\u00e1n detectar de manera autom\u00e1tica la direcci\u00f3n IP y el nombre de&nbsp;dominio utilizados por el usuario. Una direcci\u00f3n IP es un n\u00famero asignado autom\u00e1ticamente a un&nbsp;ordenador cuando este se conecta a Internet. Toda esta informaci\u00f3n se registra en un fichero de&nbsp;actividad del servidor que permite el posterior procesamiento de los datos con el fin de obtener&nbsp;mediciones \u00fanicamente estad\u00edsticas que permitan conocer el n\u00famero de impresiones de p\u00e1ginas, el&nbsp;n\u00famero de visitas realizadas a los servidores web, el orden de visitas, el punto de acceso, etc.<\/p>","protected":false},"excerpt":{"rendered":"<p>Avisos Legales LEY DE LOS SERVICIOS DE LA SOCIEDAD DE LA INFORMACI\u00d3N (LSSI) AUDIDATA SISTEMAS, S.L., responsable del sitio web, en adelante RESPONSABLE, pone a&nbsp;disposici\u00f3n de los usuarios el presente documento, con el que pretende dar cumplimiento a las&nbsp;obligaciones dispuestas en la Ley 34\/2002, de 11 de julio, de Servicios de la Sociedad de la&nbsp;Informaci\u00f3n [&hellip;]<\/p>\n","protected":false},"author":6,"featured_media":0,"parent":0,"menu_order":0,"comment_status":"closed","ping_status":"closed","template":"","meta":{"site-sidebar-layout":"default","site-content-layout":"content-boxed-container","ast-site-content-layout":"","site-content-style":"default","site-sidebar-style":"default","ast-global-header-display":"","ast-banner-title-visibility":"","ast-main-header-display":"","ast-hfb-above-header-display":"","ast-hfb-below-header-display":"","ast-hfb-mobile-header-display":"","site-post-title":"disabled","ast-breadcrumbs-content":"","ast-featured-img":"disabled","footer-sml-layout":"","theme-transparent-header-meta":"default","adv-header-id-meta":"","stick-header-meta":"","header-above-stick-meta":"","header-main-stick-meta":"","header-below-stick-meta":"","astra-migrate-meta-layouts":"default","ast-page-background-enabled":"default","ast-page-background-meta":{"desktop":{"background-color":"","background-image":"","background-repeat":"repeat","background-position":"center center","background-size":"auto","background-attachment":"scroll","background-type":"","background-media":"","overlay-type":"","overlay-color":"","overlay-opacity":"","overlay-gradient":""},"tablet":{"background-color":"","background-image":"","background-repeat":"repeat","background-position":"center center","background-size":"auto","background-attachment":"scroll","background-type":"","background-media":"","overlay-type":"","overlay-color":"","overlay-opacity":"","overlay-gradient":""},"mobile":{"background-color":"","background-image":"","background-repeat":"repeat","background-position":"center center","background-size":"auto","background-attachment":"scroll","background-type":"","background-media":"","overlay-type":"","overlay-color":"","overlay-opacity":"","overlay-gradient":""}},"ast-content-background-meta":{"desktop":{"background-color":"var(--ast-global-color-5)","background-image":"","background-repeat":"repeat","background-position":"center center","background-size":"auto","background-attachment":"scroll","background-type":"","background-media":"","overlay-type":"","overlay-color":"","overlay-opacity":"","overlay-gradient":""},"tablet":{"background-color":"var(--ast-global-color-5)","background-image":"","background-repeat":"repeat","background-position":"center center","background-size":"auto","background-attachment":"scroll","background-type":"","background-media":"","overlay-type":"","overlay-color":"","overlay-opacity":"","overlay-gradient":""},"mobile":{"background-color":"var(--ast-global-color-5)","background-image":"","background-repeat":"repeat","background-position":"center center","background-size":"auto","background-attachment":"scroll","background-type":"","background-media":"","overlay-type":"","overlay-color":"","overlay-opacity":"","overlay-gradient":""}},"_joinchat":[],"footnotes":""},"class_list":["post-755","page","type-page","status-publish","hentry"],"_links":{"self":[{"href":"https:\/\/coworkium.es\/en\/wp-json\/wp\/v2\/pages\/755","targetHints":{"allow":["GET"]}}],"collection":[{"href":"https:\/\/coworkium.es\/en\/wp-json\/wp\/v2\/pages"}],"about":[{"href":"https:\/\/coworkium.es\/en\/wp-json\/wp\/v2\/types\/page"}],"author":[{"embeddable":true,"href":"https:\/\/coworkium.es\/en\/wp-json\/wp\/v2\/users\/6"}],"replies":[{"embeddable":true,"href":"https:\/\/coworkium.es\/en\/wp-json\/wp\/v2\/comments?post=755"}],"version-history":[{"count":17,"href":"https:\/\/coworkium.es\/en\/wp-json\/wp\/v2\/pages\/755\/revisions"}],"predecessor-version":[{"id":1026,"href":"https:\/\/coworkium.es\/en\/wp-json\/wp\/v2\/pages\/755\/revisions\/1026"}],"wp:attachment":[{"href":"https:\/\/coworkium.es\/en\/wp-json\/wp\/v2\/media?parent=755"}],"curies":[{"name":"wp","href":"https:\/\/api.w.org\/{rel}","templated":true}]}}